{"id":1161,"date":"2024-01-22T14:26:29","date_gmt":"2024-01-22T14:26:29","guid":{"rendered":"https:\/\/mock.1clickdesigners.com\/9candles\/?post_type=product&#038;p=1161"},"modified":"2024-10-23T10:42:15","modified_gmt":"2024-10-23T10:42:15","slug":"shampooing-doux-au-miel","status":"publish","type":"product","link":"https:\/\/the9candles.com\/?product=shampooing-doux-au-miel","title":{"rendered":"Shampooing Doux au Miel"},"content":{"rendered":"<p>Shampooing doux au miel bio, \u00e0 l\u2019extrait d\u2019\u00e9corce de jujubier, aloe vera, pamplemousse, 250 ml<\/p>\n<p>Cette base lavante d\u2019origine v\u00e9g\u00e9tale formul\u00e9e avec du miel bio, de l\u2019aloe vera et du jujubier est un <a href=\"https:\/\/the9candles.com\/boutique\/le-coffret-sous-la-douche-bio\/\">shampooing<\/a> id\u00e9al pour toute la famille. Sa fragrance naturelle provient de l&#8217;huile essentielle de pamplemousse bio<\/p>\n<p><em>En achetant ce produit, je parraine\u00a0<strong>5 abeilles<\/strong>\u00a0et je s\u00e8me\u00a0<strong>1m<sup>2<\/sup>\u00a0de biodiversit\u00e9<\/strong>\u00a0!<\/em><\/p>\n<h4>Composition du Shampooing Doux au Miel<\/h4>\n<p>Tous les ingr\u00e9dients de la ruche utilis\u00e9s dans la gamme Folies Royales sont naturels et garantis d\u2019origine fran\u00e7aise<\/p>\n<p>&nbsp;<\/p>\n<table>\n<tbody>\n<tr>\n<td><img decoding=\"async\" src=\"https:\/\/www.folies-royales.fr\/img\/cms\/2019\/ingr%C3%A9dients\/GOMMAGE%20VISAGE\/miel.png\" alt=\"\" width=\"120\" height=\"120\" \/><\/td>\n<td><img decoding=\"async\" src=\"https:\/\/www.folies-royales.fr\/img\/cms\/2019\/ingr%C3%A9dients\/SHAMPOOING\/aloe-vera.png\" alt=\"\" width=\"120\" height=\"120\" \/><\/td>\n<td><img decoding=\"async\" src=\"https:\/\/www.folies-royales.fr\/img\/cms\/2019\/ingr%C3%A9dients\/SHAMPOOING\/jujubier.png\" alt=\"\" width=\"120\" height=\"120\" \/><\/td>\n<\/tr>\n<tr>\n<td>\u00a0 \u00a0 \u00a0 \u00a0 \u00a0 \u00a0 Miel<\/td>\n<td>\u00a0 \u00a0 \u00a0 \u00a0Aloe vera<\/td>\n<td>\u00a0 \u00a0 \u00a0 \u00a0 \u00a0 Jujubier<\/td>\n<\/tr>\n<\/tbody>\n<\/table>\n<p>&nbsp;<\/p>\n<table>\n<tbody>\n<tr>\n<td><img loading=\"lazy\" decoding=\"async\" src=\"https:\/\/www.folies-royales.fr\/img\/cms\/2019\/ingr%C3%A9dients\/SHAMPOOING\/pamplemousse.png\" alt=\"\" width=\"120\" height=\"120\" \/><\/td>\n<\/tr>\n<tr>\n<td>\u00a0 \u00a0Huile essentielle<\/p>\n<p>de pamplemousse<\/td>\n<\/tr>\n<\/tbody>\n<\/table>\n<ul>\n<li><strong>Miel<\/strong> : nourrissant<\/li>\n<\/ul>\n<p>Aussi appel\u00e9 \u00ab nectar des Dieux \u00bb, le Miel regorge de vertus pour la peau tout comme pour les cheveux. Aussi, ses propri\u00e9t\u00e9s cicatrisantes et antiseptiques ont d\u00e9j\u00e0 \u00e9t\u00e9 d\u00e9montr\u00e9es gr\u00e2ce \u00e0 sa richesse en min\u00e9raux, en oligo-\u00e9l\u00e9ments, en vitamines et en acides amin\u00e9s<\/p>\n<ul>\n<li><strong>Aloe vera<\/strong>\u00a0: adoucissant et revitalisant<\/li>\n<li><strong>Jujubier<\/strong>\u00a0: apaisant<\/li>\n<li><strong>Huile essentielle de pamplemousse<\/strong><\/li>\n<\/ul>\n<p>COSMOS ORGANIC certifi\u00e9 par Ecocert Greenlife selon le r\u00e9f\u00e9rentiel COSMOS<\/p>\n<ul>\n<li><strong>97.8%<\/strong> du total sont d\u2019origine naturelle<\/li>\n<li><strong>20,5%<\/strong> du total des ingr\u00e9dients sont issus de l\u2019agriculture biologique<\/li>\n<li><strong>53%<\/strong> du total des ingr\u00e9dients moins l\u2019eau et les min\u00e9raux sont issus de l\u2019agriculture biologique<\/li>\n<\/ul>\n<h4>Application<\/h4>\n<p>Appliquer sur la chevelure mouill\u00e9e et masser jusqu\u2019\u00e0 l\u2019obtention d\u2019une mousse fine, puis rincer. Ensuite, recommencer l\u2019op\u00e9ration pour parfaire le nettoyage. En cas de contact avec les yeux, rincer abondamment \u00e0 l\u2019eau claire. Veuillez ne pas utiliser chez les enfants de moins de 3 ans<\/p>\n<h4>Composition INCI<\/h4>\n<p>AQUA, SODIUM COCO-SULFATE, DECYL GLUCOSIDE, COCAMIDOPROPYL BETAINE, MEL*, ALOE BARBADENSIS LEAF JUICE POWDER*,<br \/>\nSODIUM CHLORIDE, COCO-GLUCOSIDE, GLYCERYL OLEATE, PARFUM, PROPANEDIOL, CANDIDA BOMBICOLA \/ GLUCOSE\/ METHYL RAPESEEDATE FERMENT, GUAR HYDROXYPROPYLTRIMONIUM CHLORIDE, COCONUT ALCOHOL, SODIUM SULFATE, BENZYL ALCOHOL, ZIZYPHUS JOAZEIRO BARK EXTRACT, CITRUS PARADISI PEEL OIL*, DEHYDROACETIC ACID, CITRIC ACID, POTASSIUM SORBATE, LIMONENE.<\/p>\n<p>* Ingr\u00e9dient issu de l\u2019agriculture biologique<\/p>\n<table class=\"table-data-sheet\">\n<tbody>\n<tr class=\"odd\">\n<td>Actifs<\/td>\n<td>Miel<\/td>\n<\/tr>\n<tr class=\"even\">\n<td>Formes<\/td>\n<td>Shampoing<\/td>\n<\/tr>\n<tr class=\"odd\">\n<td>Propri\u00e9t\u00e9s<\/td>\n<td>Apaise, Adoucit, Nettoie, Rafra\u00eechit, Tonifie<\/td>\n<\/tr>\n<tr class=\"even\">\n<td>COSMOS : COSMETIQUE BIOLOGIQUE CERTIFIE PAR ECOCERT GREENLIFE S.A.S<\/td>\n<td>oui<\/td>\n<\/tr>\n<tr class=\"odd\">\n<td>Ingr\u00e9dients<\/td>\n<td>Miel, Alo\u00e9 Vera, Jujubier, Huile essentielle de pamplemousse<\/td>\n<\/tr>\n<tr class=\"even\">\n<td>Origine<\/td>\n<td>France<\/td>\n<\/tr>\n<tr class=\"odd\">\n<td>Bio<\/td>\n<td>Oui<\/td>\n<\/tr>\n<\/tbody>\n<\/table>\n","protected":false},"excerpt":{"rendered":"<p>Shampooing doux au miel bio, \u00e0 l\u2019extrait d\u2019\u00e9corce de jujubier, aloe vera, pamplemousse, 250 ml Cette base lavante d\u2019origine v\u00e9g\u00e9tale [&hellip;]<\/p>\n","protected":false},"featured_media":1260,"template":"","meta":{"site-sidebar-layout":"default","site-content-layout":"","ast-site-content-layout":"default","site-content-style":"default","site-sidebar-style":"default","ast-global-header-display":"","ast-banner-title-visibility":"","ast-main-header-display":"","ast-hfb-above-header-display":"","ast-hfb-below-header-display":"","ast-hfb-mobile-header-display":"","site-post-title":"","ast-breadcrumbs-content":"","ast-featured-img":"","footer-sml-layout":"","ast-disable-related-posts":"","theme-transparent-header-meta":"default","adv-header-id-meta":"","stick-header-meta":"","header-above-stick-meta":"","header-main-stick-meta":"","header-below-stick-meta":"","astra-migrate-meta-layouts":"set","ast-page-background-enabled":"default","ast-page-background-meta":{"desktop":{"background-color":"var(--ast-global-color-4)","background-image":"","background-repeat":"repeat","background-position":"center center","background-size":"auto","background-attachment":"scroll","background-type":"","background-media":"","overlay-type":"","overlay-color":"","overlay-opacity":"","overlay-gradient":""},"tablet":{"background-color":"","background-image":"","background-repeat":"repeat","background-position":"center center","background-size":"auto","background-attachment":"scroll","background-type":"","background-media":"","overlay-type":"","overlay-color":"","overlay-opacity":"","overlay-gradient":""},"mobile":{"background-color":"","background-image":"","background-repeat":"repeat","background-position":"center center","background-size":"auto","background-attachment":"scroll","background-type":"","background-media":"","overlay-type":"","overlay-color":"","overlay-opacity":"","overlay-gradient":""}},"ast-content-background-meta":{"desktop":{"background-color":"var(--ast-global-color-5)","background-image":"","background-repeat":"repeat","background-position":"center center","background-size":"auto","background-attachment":"scroll","background-type":"","background-media":"","overlay-type":"","overlay-color":"","overlay-opacity":"","overlay-gradient":""},"tablet":{"background-color":"var(--ast-global-color-5)","background-image":"","background-repeat":"repeat","background-position":"center center","background-size":"auto","background-attachment":"scroll","background-type":"","background-media":"","overlay-type":"","overlay-color":"","overlay-opacity":"","overlay-gradient":""},"mobile":{"background-color":"var(--ast-global-color-5)","background-image":"","background-repeat":"repeat","background-position":"center center","background-size":"auto","background-attachment":"scroll","background-type":"","background-media":"","overlay-type":"","overlay-color":"","overlay-opacity":"","overlay-gradient":""}},"_joinchat":[]},"product_brand":[],"product_cat":[34],"product_tag":[],"class_list":{"0":"post-1161","1":"product","2":"type-product","3":"status-publish","4":"has-post-thumbnail","6":"product_cat-cheveux","7":"desktop-align-left","8":"tablet-align-left","9":"mobile-align-left","11":"first","12":"outofstock","13":"shipping-taxable","14":"purchasable","15":"product-type-simple","16":"add-to-wishlist-before_image"},"_links":{"self":[{"href":"https:\/\/the9candles.com\/index.php?rest_route=\/wp\/v2\/product\/1161","targetHints":{"allow":["GET"]}}],"collection":[{"href":"https:\/\/the9candles.com\/index.php?rest_route=\/wp\/v2\/product"}],"about":[{"href":"https:\/\/the9candles.com\/index.php?rest_route=\/wp\/v2\/types\/product"}],"wp:featuredmedia":[{"embeddable":true,"href":"https:\/\/the9candles.com\/index.php?rest_route=\/wp\/v2\/media\/1260"}],"wp:attachment":[{"href":"https:\/\/the9candles.com\/index.php?rest_route=%2Fwp%2Fv2%2Fmedia&parent=1161"}],"wp:term":[{"taxonomy":"product_brand","embeddable":true,"href":"https:\/\/the9candles.com\/index.php?rest_route=%2Fwp%2Fv2%2Fproduct_brand&post=1161"},{"taxonomy":"product_cat","embeddable":true,"href":"https:\/\/the9candles.com\/index.php?rest_route=%2Fwp%2Fv2%2Fproduct_cat&post=1161"},{"taxonomy":"product_tag","embeddable":true,"href":"https:\/\/the9candles.com\/index.php?rest_route=%2Fwp%2Fv2%2Fproduct_tag&post=1161"}],"curies":[{"name":"wp","href":"https:\/\/api.w.org\/{rel}","templated":true}]}}