{"id":2050,"date":"2024-01-22T14:41:03","date_gmt":"2024-01-22T14:41:03","guid":{"rendered":"https:\/\/mock.1clickdesigners.com\/9candles\/?post_type=product&#038;p=2050"},"modified":"2024-01-22T14:41:12","modified_gmt":"2024-01-22T14:41:12","slug":"bougies-de-massage-avec-rimes","status":"publish","type":"product","link":"https:\/\/the9candles.com\/?product=bougies-de-massage-avec-rimes","title":{"rendered":"bougies de massage avec rimes"},"content":{"rendered":"<p>bougies de massage avec rimes, naturelles &#8211; les bougies ainsi que les rimes \ud83d\ude09 pour votre plus grande d\u00e9lectation, la flamme, l&#8217;incitation \u00e0 la m\u00e9ditation ou \u00e0 ne rien penser, laisser tout simplement la place \u00e0 la relaxation sans conditions<br \/>\nen 120 gr et 12 superbissimes fragrances, d\u00e9couvrez-les toutes et tombez amoureux \u00e0 chaque fois<\/p>\n<p>pensez \u00e0 garder les belles p\u00e9pites pr\u00e9cieuses qui d\u00e9corent nos d\u00e9licieuses bougies, les nettoyer \u00e0 l&#8217;eau claire et les recharger lors de la pleine lune; vous pouvez les garder dans un verre transparent<\/p>\n<p>pr\u00e9par\u00e9es avec de l&#8217;huile de coco, huile de soja, cire d&#8217;abeille et vitamine E, nos bougies de massage sont con\u00e7ues pour votre bien-\u00eatre, de tous les points de vue<\/p>\n<h4>conseils d&#8217;utilisation<\/h4>\n<p>allumer la bougie et laisser fondre toute la surface jusqu&#8217;\u00e0 obtention d&#8217;une huile chaude; \u00e9teindre la flamme et faire couler sur la peau ou, pour les peaux tr\u00e8s sensibles, faire couler d&#8217;abord dans le creux de votre main; appliquer ensuite sur la peau et masser.<\/p>\n<p>D\u00e8s la deuxi\u00e8me utilisation, vous remarquerez qu&#8217;elle fond beaucoup plus vite<\/p>\n<h4>astuce<\/h4>\n<p>apr\u00e8s la premi\u00e8re utilisation, la cire reste tr\u00e8s malleable; ainsi, vous pouvez l&#8217;utiliser m\u00eame sans la faire fondre, comme cr\u00e8me pour les mains ou encore en l&#8217;appliquant sur vos l\u00e8vres<\/p>\n<p>12 comme les mois de l&#8217;ann\u00e9e, chaque mois vous pouvez essayer une nouvelle bougie avec rime !<\/p>\n<h4>agrumes sans rhume<\/h4>\n<p>acidul\u00e9e et revigorante, la bougie aux agrumes est tr\u00e8s bien assortie aux \u00e9nergiques, \u00e0 ceux qui aiment bouger et faire bouger les choses<\/p>\n<h4>ambre vanille \u00e0 la folie<\/h4>\n<p>une autre histoire nous raconte l&#8217;ambre vanille, tr\u00e8s voluptueuse, qui nous invite \u00e0 voyager durant le massage<\/p>\n<h4>fleurs des \u00eeles subtiles<\/h4>\n<p>tel que le nom l&#8217;indique, le parfum floral reste subtil sans \u00eatre effac\u00e9, la peau reste hydrat\u00e9e et agr\u00e9ablement sucr\u00e9e<\/p>\n<h4>frangipanier dans le panier<\/h4>\n<p>un peu d&#8217;histoire sur le frangipanier vous tente ? l\u2019arbre est originaire du Venezuela et s\u2019est rependu dans les pays chauds; elle fait instantan\u00e9ment penser aux paysages tropicaux, aux colliers de fleurs en Polyn\u00e9sie ou encore aux couronnes d\u2019offrandes dans les temples hindous<\/p>\n<p>c&#8217;est une merveille olfactive sur la peau !<\/p>\n<h4>fruits rouges qui bougent<\/h4>\n<p>un parfum plus prononc\u00e9 et frais si nous voulons nous faire remarquer en tant que femme ou homme d&#8217;action<\/p>\n<h4>lotus perfectus<\/h4>\n<p>la fleur de lotus est symbole de puret\u00e9 et d&#8217;accomplissement personnel; un parfum discret et particuli\u00e8rement agr\u00e9able, jusqu&#8217;aujourd&#8217;hui tout le monde l&#8217;aime, sans exception !<\/p>\n<h4>mangue \u00e9tonnante<\/h4>\n<p>la mangue est le fruit tropical le plus consomm\u00e9 au monde apr\u00e8s la banane; il fait penser aux vacances dans des pays tropicaux, \u00e0 r\u00eavasser sur la plage; imaginez avoir cette superbe odeur sur votre peau&#8230;<\/p>\n<h4>orchid\u00e9e enchant\u00e9e<\/h4>\n<p>l&#8217;orchid\u00e9e est une de mes grandes pr\u00e9f\u00e9r\u00e9e et le voile parfum\u00e9 que la bougie laisse sur la peau est un enchantement floral<\/p>\n<h4>orient luxuriant<\/h4>\n<p>pourquoi le massage fait tout de suite penser \u00e0 l&#8217;Orient ? en tout cas, la bougie qui porte ce nom est luxueuse \u00e0 souhait<\/p>\n<h4>th\u00e9 vert surr\u00e9el<\/h4>\n<p>parfum suave m\u00e9lang\u00e9 aux bienfaits du th\u00e9 vert, c&#8217;est une fragrance aim\u00e9e autant par les femmes que par les hommes; un parfum qui dure de mani\u00e8re tr\u00e8s discr\u00e8te et particuli\u00e8rement agr\u00e9able<\/p>\n<h4>tub\u00e9reuse vaporeuse<\/h4>\n<p>la fleur Tub\u00e9reuse, tr\u00e8s sucr\u00e9e, est une des fleurs les plus parfum\u00e9es, originaire du Mexique; tr\u00e8s appr\u00e9ci\u00e9e dans la parfumerie, son parfum est envoutant; vous ne passerez pas inaper\u00e7us<\/p>\n<h4>vanille qui brille<\/h4>\n<p>la vanille, une vieille histoire d&#8217;amour, depuis toujours&#8230; cette \u00e9pice qui est le fruit de certaines orchid\u00e9es lianescentes tropicales d&#8217;origine m\u00e9soam\u00e9ricaine, fait le bonheur des parfumeurs et des p\u00e2tissiers<\/p>\n<p>au-del\u00e0 de leurs superbes parfums, les bougies de massage avec rimes sont une b\u00e9n\u00e9diction pour la peau qui retrouve son \u00e9lasticit\u00e9 et hydratation; les muscles en profitent davantage, car l&#8217;huile chaude p\u00e9n\u00e8tre plus profond\u00e9ment dans la peau et facilite davantage la d\u00e9tende des muscles<\/p>\n<p>un cadeau particuli\u00e8rement appr\u00e9ci\u00e9 !<\/p>\n<p>d\u00e9couvrez toutes nos bougies de massage \u00e9galement en d&#8217;autres volumes : <a href=\"https:\/\/the9candles.com\/boutique\/bougies-de-massage-gourmandes-naturelles-35-gr\/\">35 grammes<\/a>, <a href=\"https:\/\/the9candles.com\/boutique\/bougie-de-massage-verre-ou-ceramique\/\">100 grammes<\/a>, <a href=\"https:\/\/the9candles.com\/boutique\/bougie-de-massage-naturellement-sublime\/\">160 grammes<\/a> et <a href=\"https:\/\/the9candles.com\/boutique\/5-bougies-de-massage-240gr\/\">240 grammes<\/a> pour les grands gourmands<\/p>\n","protected":false},"excerpt":{"rendered":"<p>bougies de massage avec rimes, naturelles &#8211; les bougies ainsi que les rimes \ud83d\ude09 pour votre plus grande d\u00e9lectation, la [&hellip;]<\/p>\n","protected":false},"featured_media":2069,"template":"","meta":{"site-sidebar-layout":"default","site-content-layout":"","ast-site-content-layout":"default","site-content-style":"default","site-sidebar-style":"default","ast-global-header-display":"","ast-banner-title-visibility":"","ast-main-header-display":"","ast-hfb-above-header-display":"","ast-hfb-below-header-display":"","ast-hfb-mobile-header-display":"","site-post-title":"","ast-breadcrumbs-content":"","ast-featured-img":"","footer-sml-layout":"","ast-disable-related-posts":"","theme-transparent-header-meta":"","adv-header-id-meta":"","stick-header-meta":"","header-above-stick-meta":"","header-main-stick-meta":"","header-below-stick-meta":"","astra-migrate-meta-layouts":"default","ast-page-background-enabled":"default","ast-page-background-meta":{"desktop":{"background-color":"var(--ast-global-color-4)","background-image":"","background-repeat":"repeat","background-position":"center center","background-size":"auto","background-attachment":"scroll","background-type":"","background-media":"","overlay-type":"","overlay-color":"","overlay-opacity":"","overlay-gradient":""},"tablet":{"background-color":"","background-image":"","background-repeat":"repeat","background-position":"center center","background-size":"auto","background-attachment":"scroll","background-type":"","background-media":"","overlay-type":"","overlay-color":"","overlay-opacity":"","overlay-gradient":""},"mobile":{"background-color":"","background-image":"","background-repeat":"repeat","background-position":"center center","background-size":"auto","background-attachment":"scroll","background-type":"","background-media":"","overlay-type":"","overlay-color":"","overlay-opacity":"","overlay-gradient":""}},"ast-content-background-meta":{"desktop":{"background-color":"var(--ast-global-color-5)","background-image":"","background-repeat":"repeat","background-position":"center center","background-size":"auto","background-attachment":"scroll","background-type":"","background-media":"","overlay-type":"","overlay-color":"","overlay-opacity":"","overlay-gradient":""},"tablet":{"background-color":"var(--ast-global-color-5)","background-image":"","background-repeat":"repeat","background-position":"center center","background-size":"auto","background-attachment":"scroll","background-type":"","background-media":"","overlay-type":"","overlay-color":"","overlay-opacity":"","overlay-gradient":""},"mobile":{"background-color":"var(--ast-global-color-5)","background-image":"","background-repeat":"repeat","background-position":"center center","background-size":"auto","background-attachment":"scroll","background-type":"","background-media":"","overlay-type":"","overlay-color":"","overlay-opacity":"","overlay-gradient":""}},"_joinchat":[]},"product_brand":[],"product_cat":[35],"product_tag":[],"class_list":{"0":"post-2050","1":"product","2":"type-product","3":"status-publish","4":"has-post-thumbnail","6":"product_cat-corps-et-soins","7":"desktop-align-left","8":"tablet-align-left","9":"mobile-align-left","11":"first","12":"outofstock","13":"shipping-taxable","14":"product-type-variable","15":"add-to-wishlist-before_image"},"_links":{"self":[{"href":"https:\/\/the9candles.com\/index.php?rest_route=\/wp\/v2\/product\/2050","targetHints":{"allow":["GET"]}}],"collection":[{"href":"https:\/\/the9candles.com\/index.php?rest_route=\/wp\/v2\/product"}],"about":[{"href":"https:\/\/the9candles.com\/index.php?rest_route=\/wp\/v2\/types\/product"}],"wp:featuredmedia":[{"embeddable":true,"href":"https:\/\/the9candles.com\/index.php?rest_route=\/wp\/v2\/media\/2069"}],"wp:attachment":[{"href":"https:\/\/the9candles.com\/index.php?rest_route=%2Fwp%2Fv2%2Fmedia&parent=2050"}],"wp:term":[{"taxonomy":"product_brand","embeddable":true,"href":"https:\/\/the9candles.com\/index.php?rest_route=%2Fwp%2Fv2%2Fproduct_brand&post=2050"},{"taxonomy":"product_cat","embeddable":true,"href":"https:\/\/the9candles.com\/index.php?rest_route=%2Fwp%2Fv2%2Fproduct_cat&post=2050"},{"taxonomy":"product_tag","embeddable":true,"href":"https:\/\/the9candles.com\/index.php?rest_route=%2Fwp%2Fv2%2Fproduct_tag&post=2050"}],"curies":[{"name":"wp","href":"https:\/\/api.w.org\/{rel}","templated":true}]}}