{"id":987,"date":"2024-01-22T14:23:13","date_gmt":"2024-01-22T14:23:13","guid":{"rendered":"https:\/\/mock.1clickdesigners.com\/9candles\/?post_type=product&#038;p=987"},"modified":"2024-01-22T14:25:09","modified_gmt":"2024-01-22T14:25:09","slug":"les-delicieuses-cuilleres-en-chocolat-b-barbara","status":"publish","type":"product","link":"https:\/\/the9candles.com\/?product=les-delicieuses-cuilleres-en-chocolat-b-barbara","title":{"rendered":"Les d\u00e9licieuses cuill\u00e8res en chocolat B Barbara"},"content":{"rendered":"<h3><span style=\"font-size: 14pt;\"><strong>Les d\u00e9licieuses cuill\u00e8res en chocolat B Barbara, du chocolat Suisse pour un d\u00e9licieux chocolat chaud<\/strong><\/span><\/h3>\n<p><span style=\"font-size: 12pt;\">Fond\u00e9e en 1948 par Andr\u00e9 Canonica, l\u2019entreprise suisse vous propose aujourd&#8217;hui les d\u00e9licieuses cuill\u00e8res B Barbara en chocolat. Au lait, noir ou blanc, les boules de chocolat fondent dans le lait chaud et les ar\u00f4mes qui s&#8217;\u00e9chappent de la tasse r\u00e9veillent des souvenirs doux de l&#8217;enfance. Ou encore le souvenir d&#8217;un apr\u00e8s-midi d&#8217;automne dans un jardin empli de feuilles rouges.\u00a0<\/span><\/p>\n<p>Active dans le domaine du commerce et de la restauration, la soci\u00e9t\u00e9 suisse choisit de lancer en 1968 une activit\u00e9 qui lui tient \u00e0 c\u0153ur depuis toujours : le chocolat ; avec pour but de faire partager et d\u00e9couvrir les meilleures cr\u00e9ations en respectant des valeurs de qualit\u00e9, d\u2019originalit\u00e9 et de go\u00fbt dans un environnement de marque complet et \u00e9l\u00e9gant. C\u2019est de cette passion de famille pour un savoir-faire artisanal et gourmand que na\u00eet la marque de ce chocolat \u00e9l\u00e9gant, Canonica.<\/p>\n<p>Les cuill\u00e8res en chocolat B Barbara pr\u00e9par\u00e9es avec amour par le Ma\u00eetre Chocolatier, sont un d\u00e9lice \u00e0 l&#8217;\u00e9tat pur. Un v\u00e9ritable cocktail de crus de cacaos exceptionnels, fruits et \u00e9pices exaltants, enrobages saisissants de beaut\u00e9. Des ingr\u00e9dients utilis\u00e9s pour soutenir une extraordinaire cr\u00e9ativit\u00e9.<\/p>\n<h4>La meilleure d\u00e9gustation des d\u00e9licieuses cuill\u00e8res en chocolat B Barbara<\/h4>\n<p>Il y a des chocolats qui se mangent et des chocolats qui se d\u00e9gustent. Celui-ci fait partie de ces chocolats avec lesquels nous prenons le temps. Tout d&#8217;abord, il faut faire chauffer le lait que nous versons dans une jolie tasse. Ensuite, nous choisissons la cuill\u00e8re : au lait, noire, blanche. Elle est d&#8217;une rondeur parfaite. Plong\u00e9e dans la tasse de lait chaud, elle fond doucement pour se transformer en une boisson chocolat\u00e9e savoureuse.<\/p>\n<p>Au lait, noir ou blanc ? Quel est ton chocolat pr\u00e9f\u00e9r\u00e9 ? A d\u00e9guster avec des amis, des grands et des petits, pour l&#8217;amour d&#8217;un chocolat suisse exceptionnel.<\/p>\n","protected":false},"excerpt":{"rendered":"<p>Les d\u00e9licieuses cuill\u00e8res en chocolat B Barbara, du chocolat Suisse pour un d\u00e9licieux chocolat chaud Fond\u00e9e en 1948 par Andr\u00e9 [&hellip;]<\/p>\n","protected":false},"featured_media":1094,"template":"","meta":{"site-sidebar-layout":"default","site-content-layout":"","ast-site-content-layout":"default","site-content-style":"default","site-sidebar-style":"default","ast-global-header-display":"","ast-banner-title-visibility":"","ast-main-header-display":"","ast-hfb-above-header-display":"","ast-hfb-below-header-display":"","ast-hfb-mobile-header-display":"","site-post-title":"","ast-breadcrumbs-content":"","ast-featured-img":"","footer-sml-layout":"","ast-disable-related-posts":"","theme-transparent-header-meta":"","adv-header-id-meta":"","stick-header-meta":"","header-above-stick-meta":"","header-main-stick-meta":"","header-below-stick-meta":"","astra-migrate-meta-layouts":"default","ast-page-background-enabled":"default","ast-page-background-meta":{"desktop":{"background-color":"var(--ast-global-color-4)","background-image":"","background-repeat":"repeat","background-position":"center center","background-size":"auto","background-attachment":"scroll","background-type":"","background-media":"","overlay-type":"","overlay-color":"","overlay-opacity":"","overlay-gradient":""},"tablet":{"background-color":"","background-image":"","background-repeat":"repeat","background-position":"center center","background-size":"auto","background-attachment":"scroll","background-type":"","background-media":"","overlay-type":"","overlay-color":"","overlay-opacity":"","overlay-gradient":""},"mobile":{"background-color":"","background-image":"","background-repeat":"repeat","background-position":"center center","background-size":"auto","background-attachment":"scroll","background-type":"","background-media":"","overlay-type":"","overlay-color":"","overlay-opacity":"","overlay-gradient":""}},"ast-content-background-meta":{"desktop":{"background-color":"var(--ast-global-color-5)","background-image":"","background-repeat":"repeat","background-position":"center center","background-size":"auto","background-attachment":"scroll","background-type":"","background-media":"","overlay-type":"","overlay-color":"","overlay-opacity":"","overlay-gradient":""},"tablet":{"background-color":"var(--ast-global-color-5)","background-image":"","background-repeat":"repeat","background-position":"center center","background-size":"auto","background-attachment":"scroll","background-type":"","background-media":"","overlay-type":"","overlay-color":"","overlay-opacity":"","overlay-gradient":""},"mobile":{"background-color":"var(--ast-global-color-5)","background-image":"","background-repeat":"repeat","background-position":"center center","background-size":"auto","background-attachment":"scroll","background-type":"","background-media":"","overlay-type":"","overlay-color":"","overlay-opacity":"","overlay-gradient":""}},"_joinchat":[]},"product_brand":[],"product_cat":[32],"product_tag":[],"class_list":{"0":"post-987","1":"product","2":"type-product","3":"status-publish","4":"has-post-thumbnail","6":"product_cat-blog-aux-astuces","7":"desktop-align-left","8":"tablet-align-left","9":"mobile-align-left","11":"first","12":"outofstock","13":"shipping-taxable","14":"product-type-variable","15":"add-to-wishlist-before_image"},"_links":{"self":[{"href":"https:\/\/the9candles.com\/index.php?rest_route=\/wp\/v2\/product\/987","targetHints":{"allow":["GET"]}}],"collection":[{"href":"https:\/\/the9candles.com\/index.php?rest_route=\/wp\/v2\/product"}],"about":[{"href":"https:\/\/the9candles.com\/index.php?rest_route=\/wp\/v2\/types\/product"}],"wp:featuredmedia":[{"embeddable":true,"href":"https:\/\/the9candles.com\/index.php?rest_route=\/wp\/v2\/media\/1094"}],"wp:attachment":[{"href":"https:\/\/the9candles.com\/index.php?rest_route=%2Fwp%2Fv2%2Fmedia&parent=987"}],"wp:term":[{"taxonomy":"product_brand","embeddable":true,"href":"https:\/\/the9candles.com\/index.php?rest_route=%2Fwp%2Fv2%2Fproduct_brand&post=987"},{"taxonomy":"product_cat","embeddable":true,"href":"https:\/\/the9candles.com\/index.php?rest_route=%2Fwp%2Fv2%2Fproduct_cat&post=987"},{"taxonomy":"product_tag","embeddable":true,"href":"https:\/\/the9candles.com\/index.php?rest_route=%2Fwp%2Fv2%2Fproduct_tag&post=987"}],"curies":[{"name":"wp","href":"https:\/\/api.w.org\/{rel}","templated":true}]}}